{"id":2187,"date":"2023-11-29T16:13:56","date_gmt":"2023-11-29T15:13:56","guid":{"rendered":"https:\/\/test.kreative-s.de\/demo\/kreative-web-test-26\/?page_id=2187"},"modified":"2026-02-23T09:45:10","modified_gmt":"2026-02-23T08:45:10","slug":"impressum","status":"publish","type":"page","link":"https:\/\/test.kreative-s.de\/demo\/kreative-web-test-26\/kontakt\/impressum\/","title":{"rendered":"Impressum"},"content":{"rendered":"<p><div class=\"fusion-fullwidth fullwidth-box fusion-builder-row-1 fusion-flex-container nonhundred-percent-fullwidth non-hundred-percent-height-scrolling\" style=\"--awb-border-radius-top-left:0px;--awb-border-radius-top-right:0px;--awb-border-radius-bottom-right:0px;--awb-border-radius-bottom-left:0px;--awb-margin-top:60px;--awb-flex-wrap:wrap;\" ><div class=\"fusion-builder-row fusion-row fusion-flex-align-items-flex-start fusion-flex-content-wrap\" style=\"max-width:1248px;margin-left: calc(-4% \/ 2 );margin-right: calc(-4% \/ 2 );\"><div class=\"fusion-layout-column fusion_builder_column fusion-builder-column-0 fusion_builder_column_1_1 1_1 fusion-flex-column\" style=\"--awb-bg-size:cover;--awb-width-large:100%;--awb-spacing-right-large:1.92%;--awb-margin-bottom-large:0px;--awb-spacing-left-large:1.92%;--awb-width-medium:100%;--awb-order-medium:0;--awb-spacing-right-medium:1.92%;--awb-spacing-left-medium:1.92%;--awb-width-small:100%;--awb-order-small:0;--awb-spacing-right-small:1.92%;--awb-spacing-left-small:1.92%;\"><div class=\"fusion-column-wrapper fusion-column-has-shadow fusion-flex-justify-content-flex-start fusion-content-layout-column\"><div class=\"fusion-title title fusion-title-1 fusion-sep-none fusion-title-text fusion-title-size-one\" style=\"--awb-margin-top-small:10px;--awb-margin-right-small:0px;--awb-margin-bottom-small:10px;--awb-margin-left-small:0px;\"><h1 class=\"fusion-title-heading title-heading-left fusion-responsive-typography-calculated\" style=\"margin:0;--fontSize:36;line-height:1.3;\">Impressum<\/h1><\/div><div class=\"fusion-text fusion-text-1\"><h3 class=\"fusion-responsive-typography-calculated\" style=\"--fontsize: 28; line-height: 1.3;\" data-fontsize=\"28\" data-lineheight=\"36.4px\">Alle Angaben gem\u00e4\u00df \u00a7 5 Telemediengesetz (TMG):<\/h3>\n<p>Kerstin Schafhaupt<br \/>\nHinterlandstra\u00dfe 38<br \/>\n37269 Eschwege\/Oberhone<br \/>\nDeutschland<\/p>\n<p><span class=\"span100\">Phone:<\/span><span class=\"tele\"> +49 05651 333 8114<\/span><br \/>\n<span class=\"span100\">E-Mail: <\/span><span class=\"mail\"><a href=\"mailto:info@kreative-web.de\">info@kreative-web.de<\/a><\/span><\/p>\n<h4 class=\"fusion-responsive-typography-calculated\" style=\"--fontsize: 22; line-height: 1.6; --minfontsize: 22;\" data-fontsize=\"22\" data-lineheight=\"35.2px\">Umsatzsteuer-ID:<\/h4>\n<p>Umsatzsteuer-Identifikationsnummer gem\u00e4\u00df \u00a7 27 a Umsatzsteuergesetz: DE271119026<\/p>\n<\/div><\/div><\/div><\/div><\/div><div class=\"fusion-fullwidth fullwidth-box fusion-builder-row-2 fusion-flex-container nonhundred-percent-fullwidth non-hundred-percent-height-scrolling\" style=\"--awb-border-radius-top-left:0px;--awb-border-radius-top-right:0px;--awb-border-radius-bottom-right:0px;--awb-border-radius-bottom-left:0px;--awb-flex-wrap:wrap;\" ><div class=\"fusion-builder-row fusion-row fusion-flex-align-items-flex-start fusion-flex-content-wrap\" style=\"max-width:1248px;margin-left: calc(-4% \/ 2 );margin-right: calc(-4% \/ 2 );\"><div class=\"fusion-layout-column fusion_builder_column fusion-builder-column-1 fusion_builder_column_1_1 1_1 fusion-flex-column\" style=\"--awb-bg-size:cover;--awb-width-large:100%;--awb-spacing-right-large:1.92%;--awb-margin-bottom-large:0px;--awb-spacing-left-large:1.92%;--awb-width-medium:100%;--awb-order-medium:0;--awb-spacing-right-medium:1.92%;--awb-spacing-left-medium:1.92%;--awb-width-small:100%;--awb-order-small:0;--awb-spacing-right-small:1.92%;--awb-spacing-left-small:1.92%;\"><div class=\"fusion-column-wrapper fusion-column-has-shadow fusion-flex-justify-content-flex-start fusion-content-layout-column\"><div class=\"fusion-text fusion-text-2\"><h2>Haftungsausschluss (Disclaimer)<\/h2>\n<p><strong>1. Haftungsbeschr\u00e4nkung <\/strong><\/p>\n<p>Die Inhalte des Internetauftritts wurden mit gr\u00f6\u00dftm\u00f6glicher Sorgfalt und nach bestem Gewissen erstellt. Dennoch \u00fcbernimmt der Anbieter dieser Webseite keine Gew\u00e4hr f\u00fcr die Aktualit\u00e4t, Vollst\u00e4ndigkeit und Richtigkeit der bereitgestellten Seiten und Inhalte.<br \/>Als Diensteanbieter ist der Anbieter dieser Webseite gem\u00e4\u00df \u00a7 7 Abs. 1 TMG f\u00fcr eigene Inhalte und bereitgestellte Informationen auf diesen Seiten nach den allgemeinen Gesetzen verantwortlich; nach den \u00a7\u00a7 8 bis 10 TMG jedoch nicht verpflichtet, die \u00fcbermittelten oder gespeicherten fremden Informationen zu \u00fcberwachen. Eine Entfernung oder Sperrung dieser Inhalte erfolgt umgehend ab dem Zeitpunkt der Kenntnis einer konkreten Rechtsverletzung. Eine Haftung ist erst ab dem Zeitpunkt der Kenntniserlangung m\u00f6glich.<\/p>\n<p><strong>2. Externe Links<\/strong><\/p>\n<p>Die Webseite enth\u00e4lt sog. \u201eexterne Links\u201c (Verlinkungen) zu anderen Webseiten, auf deren Inhalt der Anbieter der Webseite keinen Einfluss hat. Aus diesem Grund kann der Anbieter f\u00fcr diese Inhalte auch keine Gew\u00e4hr \u00fcbernehmen. F\u00fcr die Inhalte und Richtigkeit der bereitgestellten Informationen ist der jeweilige Anbieter der verlinkten Webseite verantwortlich. Zum Zeitpunkt der Verlinkung waren keine Rechtsverst\u00f6\u00dfe erkennbar. Bei Bekanntwerden einer solchen Rechtsverletzung wird der Link umgehend entfernen.<\/p>\n<p><strong>3. Urheberrecht\/Leistungsschutzrecht <\/strong><\/p>\n<p>Die auf dieser Webseite ver\u00f6ffentlichten Inhalte, Werke und bereitgestellten Informationen unterliegen dem deutschen Urheberrecht und Leistungsschutzrecht. Jede Art der Vervielf\u00e4ltigung, Bearbeitung, Verbreitung, Einspeicherung und jede Art der Verwertung au\u00dferhalb der Grenzen des Urheberrechts bedarf der vorherigen schriftlichen Zustimmung des jeweiligen Rechteinhabers. Das unerlaubte Kopieren\/Speichern der bereitgestellten Informationen auf diesen Webseiten ist nicht gestattet und strafbar.<\/p>\n<p><strong>4. Datenschutz (<a href=\"https:\/\/test.kreative-s.de\/demo\/kreative-web-test-26\/kontakt\/datenschutzerklaerung\/\">vollst\u00e4ndige Datenschutzerkl\u00e4rung Kreative Web<\/a>) <\/strong><\/p>\n<p>Durch den Besuch des Internetauftritts k\u00f6nnen Informationen (Datum, Uhrzeit, aufgerufene Seite) \u00fcber den Zugriff auf dem Server gespeichert werden. Es werden keine personenbezogenenen (z. B. Name, Anschrift oder E-Mail-Adresse) Daten, gespeichert.<br \/>Sofern personenbezogene Daten erhoben werden, erfolgt dies, sofern m\u00f6glich, nur mit dem vorherigen Einverst\u00e4ndnis des Nutzers der Webseite. Eine Weitergabe der Daten an Dritte findet ohne ausdr\u00fcckliche Zustimmung des Nutzers nicht statt.<br \/>Der Anbieter weist darauf hin, dass die \u00dcbertragung von Daten im Internet (z. B. per E-Mail) Sicherheitsl\u00fccken aufweisen und ein l\u00fcckenloser Schutz der Daten vor dem Zugriff Dritter nicht gew\u00e4hrleistet werden kann. Der Anbieter \u00fcbernimmt keine Haftung f\u00fcr die durch solche Sicherheitsl\u00fccken entstandenen Sch\u00e4den.<br \/>Der Verwendung der Kontaktdaten durch Dritte zur gewerblichen Nutzung wird ausdr\u00fccklich widersprochen. Es sei denn, der Anbieter hat zuvor seine schriftliche Einwilligung erteilt. Der Anbieter beh\u00e4lt sich rechtliche Schritte f\u00fcr den Fall der unverlangten Zusendung von Werbeinformationen, z. B. durch Spam-Mails, vor.<\/p>\n<p><strong><a href=\"https:\/\/www.mustervorlage.net\/disclaimer-muster\" target=\"_blank\" rel=\"noopener noreferrer\">Quelle: Mustervorlage.net<\/a><\/strong><\/p>\n<\/div><\/div><\/div><\/div><\/div><div class=\"fusion-fullwidth fullwidth-box fusion-builder-row-3 fusion-flex-container nonhundred-percent-fullwidth non-hundred-percent-height-scrolling\" style=\"--awb-border-radius-top-left:0px;--awb-border-radius-top-right:0px;--awb-border-radius-bottom-right:0px;--awb-border-radius-bottom-left:0px;--awb-margin-bottom:39px;--awb-flex-wrap:wrap;\" ><div class=\"fusion-builder-row fusion-row fusion-flex-align-items-flex-start fusion-flex-content-wrap\" style=\"max-width:1248px;margin-left: calc(-4% \/ 2 );margin-right: calc(-4% \/ 2 );\"><div class=\"fusion-layout-column fusion_builder_column fusion-builder-column-2 fusion_builder_column_1_1 1_1 fusion-flex-column\" style=\"--awb-bg-size:cover;--awb-width-large:100%;--awb-spacing-right-large:1.92%;--awb-margin-bottom-large:0px;--awb-spacing-left-large:1.92%;--awb-width-medium:100%;--awb-order-medium:0;--awb-spacing-right-medium:1.92%;--awb-spacing-left-medium:1.92%;--awb-width-small:100%;--awb-order-small:0;--awb-spacing-right-small:1.92%;--awb-spacing-left-small:1.92%;\"><div class=\"fusion-column-wrapper fusion-column-has-shadow fusion-flex-justify-content-flex-start fusion-content-layout-column\"><div class=\"fusion-text fusion-text-3\"><h3>Quellenangaben f\u00fcr die verwendeten Bilder und Grafiken:<\/h3>\n<\/div><div class=\"fusion-title title fusion-title-2 fusion-sep-none fusion-title-text fusion-title-size-four\" style=\"--awb-margin-top-small:10px;--awb-margin-right-small:0px;--awb-margin-bottom-small:10px;--awb-margin-left-small:0px;\"><h4 class=\"fusion-title-heading title-heading-left fusion-responsive-typography-calculated\" style=\"margin:0;--fontSize:20;--minFontSize:20;line-height:1.4;\">Adobe Stock<\/h4><\/div><div class=\"fusion-text fusion-text-4\"><p>Adobe Stock: <a href=\"https:\/\/stock.adobe.com\/de\/images\/call-center-concept-with-people-scene-in-the-flat-cartoon-design-a-call-center-employee-listens-to-a-client-on-the-phone-vector-illustration\/621793438?prev_url=detail\" target=\"_blank\" rel=\"noopener noreferrer\">621793438<\/a><br \/>\nAdobe Stock: <a href=\"https:\/\/stock.adobe.com\/de\/images\/digital-marketing-vector-illustration-concept-suitable-for-web-landing-page-ui-mobile-app-editorial-design-flyer-banner-and-other-related-occasion\/322707410\" target=\"_blank\" rel=\"noopener noreferrer\">322707410<\/a><br \/>\nAdobe Stock: <a href=\"https:\/\/stock.adobe.com\/de\/images\/photo-studio-isolated-set-in-flat-design-people-take-photos-on-professional-camera-with-lights-collection-of-scenes-vector-illustration-for-blogging-website-mobile-app-promotional-materials\/462404278\" target=\"_blank\" rel=\"noopener noreferrer\">462404278<\/a><br \/>\nAdobe Stock:<\/p>\n<\/div><div class=\"fusion-title title fusion-title-3 fusion-sep-none fusion-title-text fusion-title-size-four\" style=\"--awb-margin-top-small:10px;--awb-margin-right-small:0px;--awb-margin-bottom-small:10px;--awb-margin-left-small:0px;\"><h4 class=\"fusion-title-heading title-heading-left fusion-responsive-typography-calculated\" style=\"margin:0;--fontSize:20;--minFontSize:20;line-height:1.4;\">unsplash<\/h4><\/div><div class=\"fusion-text fusion-text-5\"><p><a href=\"https:\/\/unsplash.com\/\" rel=\"noopener\">https:\/\/unsplash.com\/<\/a><\/p>\n<p>Photo by <a href=\"https:\/\/unsplash.com\/de\/@anniespratt\" rel=\"noopener\">Annie Spratt<\/a> on <a href=\"https:\/\/unsplash.com\/photos\/QckxruozjRg?utm_source=unsplash&amp;utm_medium=referral&amp;utm_content=creditCopyText\" rel=\"noopener\">Unsplash<\/a><a href=\"https:\/\/unsplash.com\/?utm_source=unsplash&amp;utm_medium=referral&amp;utm_content=creditCopyText\" rel=\"noopener\"><br \/><\/a>Photo by <a href=\"https:\/\/unsplash.com\/@codylannom?utm_source=unsplash&amp;utm_medium=referral&amp;utm_content=creditCopyText\" rel=\"noopener\">cody lannom<\/a> on <a href=\"https:\/\/unsplash.com\/?utm_source=unsplash&amp;utm_medium=referral&amp;utm_content=creditCopyText\" rel=\"noopener\">Unsplash<br \/><\/a>Photo by <a href=\"https:\/\/unsplash.com\/@domenicoloia?utm_source=unsplash&amp;utm_medium=referral&amp;utm_content=creditCopyText\" rel=\"noopener\">Domenico Loia<\/a> on <a href=\"https:\/\/unsplash.com\/?utm_source=unsplash&amp;utm_medium=referral&amp;utm_content=creditCopyText\" rel=\"noopener\">Unsplash<br \/><\/a>Photo by <a href=\"https:\/\/unsplash.com\/@jonasleupe?utm_source=unsplash&amp;utm_medium=referral&amp;utm_content=creditCopyText\" rel=\"noopener\">Jonas Leupe<\/a> on <a href=\"https:\/\/unsplash.com\/?utm_source=unsplash&amp;utm_medium=referral&amp;utm_content=creditCopyText\" rel=\"noopener\">Unsplash<br \/><\/a>Photo by <a href=\"https:\/\/unsplash.com\/@le_buzz?utm_source=unsplash&amp;utm_medium=referral&amp;utm_content=creditCopyText\" rel=\"noopener\">Le Buzz<\/a> on <a href=\"https:\/\/unsplash.com\/@le_buzz?utm_source=unsplash&amp;utm_medium=referral&amp;utm_content=creditCopyText\" rel=\"noopener\">Unsplash<br \/><\/a>Photo by <a href=\"https:\/\/unsplash.com\/@zhao6927?utm_source=unsplash&amp;utm_medium=referral&amp;utm_content=creditCopyText\" rel=\"noopener\">\u82cf\u5bd2 \u8d75<\/a> on <a href=\"https:\/\/unsplash.com\/s\/photos\/photography-studio?utm_source=unsplash&amp;utm_medium=referral&amp;utm_content=creditCopyText\" rel=\"noopener\">Unsplash<br \/><\/a>Photo by <a href=\"https:\/\/unsplash.com\/@niklasveenhuis?utm_source=unsplash&amp;utm_medium=referral&amp;utm_content=creditCopyText\" rel=\"noopener\">Niklas Veenhuis<\/a> on <a href=\"https:\/\/unsplash.com\/@niklasveenhuis?utm_source=unsplash&amp;utm_medium=referral&amp;utm_content=creditCopyText\" rel=\"noopener\">Unsplash<br \/><\/a>Photo by <a href=\"https:\/\/unsplash.com\/@martafilipczyk?utm_source=unsplash&amp;utm_medium=referral&amp;utm_content=creditCopyText\" rel=\"noopener\">Marta Filipczyk<\/a> on <a href=\"https:\/\/unsplash.com\/s\/photos\/laptop?utm_source=unsplash&amp;utm_medium=referral&amp;utm_content=creditCopyText\" rel=\"noopener\">Unsplash<br \/><\/a>Photo by <a href=\"https:\/\/unsplash.com\/@codestorm?utm_source=unsplash&amp;utm_medium=referral&amp;utm_content=creditCopyText\" rel=\"noopener\">Safar Safarov<\/a> on <a href=\"https:\/\/unsplash.com\/s\/photos\/laptop?utm_source=unsplash&amp;utm_medium=referral&amp;utm_content=creditCopyText\" rel=\"noopener\">Unsplash<\/a><\/p>\n<\/div><div class=\"fusion-text fusion-text-6\"><p>Foto von <a href=\"https:\/\/unsplash.com\/de\/fotos\/people-sitting-on-chair-5U_28ojjgms\" rel=\"noopener\">Redd F<\/a> auf <a href=\"https:\/\/unsplash.com\/de\/fotos\/menschen-die-auf-dem-stuhl-sitzen-5U_28ojjgms?utm_content=creditCopyText&amp;utm_medium=referral&amp;utm_source=unsplash\" rel=\"noopener\">Unsplash<\/a><br \/>Foto von <a href=\"https:\/\/unsplash.com\/de\/@christinhumephoto?utm_content=creditCopyText&amp;utm_medium=referral&amp;utm_source=unsplash\" rel=\"noopener\">Christin Hume<\/a> auf <a href=\"https:\/\/unsplash.com\/de\/fotos\/person-die-einen-laptop-benutzt-Hcfwew744z4?utm_content=creditCopyText&amp;utm_medium=referral&amp;utm_source=unsplash\" rel=\"noopener\">Unsplash<br \/><\/a>Foto von <a href=\"https:\/\/unsplash.com\/de\/@austindistel?utm_content=creditCopyText&amp;utm_medium=referral&amp;utm_source=unsplash\" rel=\"noopener\">Austin Distel<\/a> auf <a href=\"https:\/\/unsplash.com\/de\/fotos\/person-die-sowohl-laptop-als-auch-smartphone-verwendet-tLZhFRLj6nY?utm_content=creditCopyText&amp;utm_medium=referral&amp;utm_source=unsplash\" rel=\"noopener\">Unsplash<br \/><\/a>Foto von <a href=\"https:\/\/unsplash.com\/de\/@laurenmancke\" rel=\"noopener\">Lauren Mancke<\/a> auf <a href=\"https:\/\/unsplash.com\/de\/fotos\/ausgeschaltetes-macbook-pro-neben-weissem-keramikbecher-gefullt-mit-kaffee-aOC7TSLb1o8?utm_content=creditCopyText&amp;utm_medium=referral&amp;utm_source=unsplash\" rel=\"noopener\">Unsplash<br \/><\/a>Foto von <a href=\"https:\/\/unsplash.com\/de\/@christinhumephoto?utm_content=creditCopyText&amp;utm_medium=referral&amp;utm_source=unsplash\" rel=\"noopener\">Christin Hume<\/a> auf <a href=\"https:\/\/unsplash.com\/de\/fotos\/person-die-ein-macbook-benutzt-hBuwVLcYTnA?utm_content=creditCopyText&amp;utm_medium=referral&amp;utm_source=unsplash\" rel=\"noopener\">Unsplash<br \/><\/a>Foto von <a href=\"https:\/\/unsplash.com\/de\/@maltehelmhold\/kollektionen\" rel=\"noopener\">Malte Helmhold<\/a> auf <a href=\"https:\/\/unsplash.com\/de\/fotos\/mann-im-blauen-poloshirt-mit-weissem-druckerpapier-dbLz8GBaEXg?utm_content=creditCopyText&amp;utm_medium=referral&amp;utm_source=unsplash\" rel=\"noopener\">Unsplash<\/a><br \/>Foto von <a href=\"https:\/\/unsplash.com\/de\/@domenicoloia?utm_content=creditCopyText&amp;utm_medium=referral&amp;utm_source=unsplash\" rel=\"noopener\">Domenico Loia<\/a> auf <a href=\"https:\/\/unsplash.com\/de\/fotos\/macbook-pro-auf-dem-tisch-neben-weissem-imac-und-magic-mouse-hGV2TfOh0ns?utm_content=creditCopyText&amp;utm_medium=referral&amp;utm_source=unsplash\" rel=\"noopener\">Unsplash<\/a><br \/>Foto von <a href=\"https:\/\/unsplash.com\/de\/@headwayio?utm_content=creditCopyText&amp;utm_medium=referral&amp;utm_source=unsplash\" rel=\"noopener\">Headway<\/a> auf <a href=\"https:\/\/unsplash.com\/de\/fotos\/schwarzes-smartphone-in-der-nahe-der-person-5QgIuuBxKwM?utm_content=creditCopyText&amp;utm_medium=referral&amp;utm_source=unsplash\" rel=\"noopener\">Unsplash<\/a><br \/>Foto von <a href=\"https:\/\/unsplash.com\/de\/@anniespratt?utm_content=creditCopyText&amp;utm_medium=referral&amp;utm_source=unsplash\" rel=\"noopener\">Annie Spratt<\/a> auf <a href=\"https:\/\/unsplash.com\/de\/fotos\/sitzende-menschen-neben-tisch-im-raum-hCb3lIB8L8E?utm_content=creditCopyText&amp;utm_medium=referral&amp;utm_source=unsplash\" rel=\"noopener\">Unsplash<\/a><a href=\"https:\/\/unsplash.com\/de\/fotos\/frau-im-schwarzen-oberteil-mit-surface-laptop-glRqyWJgUeY?utm_content=creditCopyText&amp;utm_medium=referral&amp;utm_source=unsplash\" rel=\"noopener\"><br \/><\/a>Foto von <a href=\"https:\/\/unsplash.com\/de\/@bradneathery?utm_content=creditCopyText&amp;utm_medium=referral&amp;utm_source=unsplash\" rel=\"noopener\">Brad Neathery<\/a> auf <a href=\"https:\/\/unsplash.com\/de\/fotos\/mann-schreibt-auf-papier-vor-dslr-mGH253KbfaY?utm_content=creditCopyText&amp;utm_medium=referral&amp;utm_source=unsplash\" rel=\"noopener\">Unsplash<\/a><br \/>Foto von <a href=\"https:\/\/unsplash.com\/de\/@kellysikkema?utm_content=creditCopyText&amp;utm_medium=referral&amp;utm_source=unsplash\" rel=\"noopener\">Kelly Sikkema<\/a> auf <a href=\"https:\/\/unsplash.com\/de\/fotos\/personenbeschriftung-auf-transparentpapier-mit-druckbleistift-o2TRWThve_I?utm_content=creditCopyText&amp;utm_medium=referral&amp;utm_source=unsplash\" rel=\"noopener\">Unsplash<\/a><br \/>Foto von <a href=\"https:\/\/unsplash.com\/de\/@doctype?utm_content=creditCopyText&amp;utm_medium=referral&amp;utm_source=unsplash\" rel=\"noopener\">Aleks Dorohovich<\/a> auf <a href=\"https:\/\/unsplash.com\/de\/fotos\/bleistifte-und-smartphone-auf-buchern-nJdwUHmaY8A?utm_content=creditCopyText&amp;utm_medium=referral&amp;utm_source=unsplash\" rel=\"noopener\">Unsplash<\/a><br \/>Foto von <a href=\"https:\/\/unsplash.com\/de\/@bundo?utm_content=creditCopyText&amp;utm_medium=referral&amp;utm_source=unsplash\" rel=\"noopener\">Bundo Kim<\/a> auf <a href=\"https:\/\/unsplash.com\/de\/fotos\/geschlossen-rund-um-kochbuch-auf-brauner-oberflache-j_C123EXFWM?utm_content=creditCopyText&amp;utm_medium=referral&amp;utm_source=unsplash\" rel=\"noopener\">Unsplash<\/a><br \/>Foto von <a href=\"https:\/\/unsplash.com\/de\/@nmgnetwork?utm_content=creditCopyText&amp;utm_medium=referral&amp;utm_source=unsplash\" rel=\"noopener\">NMG Network<\/a> auf <a href=\"https:\/\/unsplash.com\/de\/fotos\/weisse-und-schwarze-schallplatte-pHQC7md2l2o?utm_content=creditCopyText&amp;utm_medium=referral&amp;utm_source=unsplash\" rel=\"noopener\">Unsplash<\/a><br \/>Foto von <a href=\"https:\/\/unsplash.com\/de\/@nmgnetwork?utm_content=creditCopyText&amp;utm_medium=referral&amp;utm_source=unsplash\" rel=\"noopener\">NMG Network<\/a> auf <a href=\"https:\/\/unsplash.com\/de\/fotos\/weiss-schwarzes-buch-auf-braunem-holztisch-wpCzMGxm8lc?utm_content=creditCopyText&amp;utm_medium=referral&amp;utm_source=unsplash\" rel=\"noopener\">Unsplash<\/a><br \/>Foto von <a href=\"https:\/\/unsplash.com\/de\/@nmgnetwork?utm_content=creditCopyText&amp;utm_medium=referral&amp;utm_source=unsplash\" rel=\"noopener\">NMG Network<\/a> auf <a href=\"https:\/\/unsplash.com\/de\/fotos\/ein-buch-auf-einem-tisch-mit-blumen-und-blattern-2H8rBmhZPow?utm_content=creditCopyText&amp;utm_medium=referral&amp;utm_source=unsplash\" rel=\"noopener\">Unsplash<\/a><br \/>Foto von <a href=\"https:\/\/unsplash.com\/de\/@jeffhopper?utm_content=creditCopyText&amp;utm_medium=referral&amp;utm_source=unsplash\" rel=\"noopener\">Jeff Hopper<\/a> auf <a href=\"https:\/\/unsplash.com\/de\/fotos\/foto-der-dslr-kamera-iCtJF-A5hvs?utm_content=creditCopyText&amp;utm_medium=referral&amp;utm_source=unsplash\" rel=\"noopener\">Unsplash<\/a><br \/>Foto von <a href=\"https:\/\/unsplash.com\/de\/@celala?utm_content=creditCopyText&amp;utm_medium=referral&amp;utm_source=unsplash\" rel=\"noopener\">C\u00e9line Druguet<\/a> auf <a href=\"https:\/\/unsplash.com\/de\/fotos\/frau-fotografiert-mit-dslr-kamera-ttzoSPBYdrI?utm_content=creditCopyText&amp;utm_medium=referral&amp;utm_source=unsplash\" rel=\"noopener\">Unsplash<\/a><\/p>\n<\/div><div class=\"fusion-separator fusion-full-width-sep\" style=\"align-self: center;margin-left: auto;margin-right: auto;margin-top:10px;margin-bottom:30px;width:100%;\"><div class=\"fusion-separator-border sep-single sep-dashed\" style=\"--awb-height:20px;--awb-amount:20px;border-color:var(--awb-color3);border-top-width:1px;\"><\/div><\/div><div class=\"fusion-title title fusion-title-4 fusion-sep-none fusion-title-text fusion-title-size-four\" style=\"--awb-margin-top-small:10px;--awb-margin-right-small:0px;--awb-margin-bottom-small:10px;--awb-margin-left-small:0px;\"><h4 class=\"fusion-title-heading title-heading-left fusion-responsive-typography-calculated\" style=\"margin:0;--fontSize:20;--minFontSize:20;line-height:1.4;\">Lottiefiles<\/h4><\/div><div class=\"fusion-text fusion-text-7\"><p><a href=\"https:\/\/lottiefiles.com\/\" rel=\"noopener\">https:\/\/lottiefiles.com\/<\/a><\/p>\n<p><a href=\"https:\/\/lottiefiles.com\/PauloBanas\" rel=\"noopener\">https:\/\/lottiefiles.com\/PauloBanas<\/a><\/p>\n<p><a href=\"https:\/\/lottiefiles.com\/Mikhail_V94\" rel=\"noopener\">https:\/\/lottiefiles.com\/Mikhail_V94<\/a><\/p>\n<p><a href=\"https:\/\/lottiefiles.com\/samiltemel\" rel=\"noopener\">https:\/\/lottiefiles.com\/samiltemel<\/a><\/p>\n<p><a href=\"https:\/\/lottiefiles.com\/jigneshgajjar\" rel=\"noopener\">https:\/\/lottiefiles.com\/jigneshgajjar<\/a><\/p>\n<p><a href=\"https:\/\/lottiefiles.com\/user\/48482\" rel=\"noopener\">https:\/\/lottiefiles.com\/user\/48482<\/a><\/p>\n<\/div><\/div><\/div><\/div><\/div><\/p>\n","protected":false},"excerpt":{"rendered":"","protected":false},"author":1,"featured_media":0,"parent":1270,"menu_order":0,"comment_status":"closed","ping_status":"closed","template":"100-width.php","meta":{"_acf_changed":false,"footnotes":""},"class_list":["post-2187","page","type-page","status-publish","hentry"],"acf":[],"_links":{"self":[{"href":"https:\/\/test.kreative-s.de\/demo\/kreative-web-test-26\/wp-json\/wp\/v2\/pages\/2187","targetHints":{"allow":["GET"]}}],"collection":[{"href":"https:\/\/test.kreative-s.de\/demo\/kreative-web-test-26\/wp-json\/wp\/v2\/pages"}],"about":[{"href":"https:\/\/test.kreative-s.de\/demo\/kreative-web-test-26\/wp-json\/wp\/v2\/types\/page"}],"author":[{"embeddable":true,"href":"https:\/\/test.kreative-s.de\/demo\/kreative-web-test-26\/wp-json\/wp\/v2\/users\/1"}],"replies":[{"embeddable":true,"href":"https:\/\/test.kreative-s.de\/demo\/kreative-web-test-26\/wp-json\/wp\/v2\/comments?post=2187"}],"version-history":[{"count":0,"href":"https:\/\/test.kreative-s.de\/demo\/kreative-web-test-26\/wp-json\/wp\/v2\/pages\/2187\/revisions"}],"up":[{"embeddable":true,"href":"https:\/\/test.kreative-s.de\/demo\/kreative-web-test-26\/wp-json\/wp\/v2\/pages\/1270"}],"wp:attachment":[{"href":"https:\/\/test.kreative-s.de\/demo\/kreative-web-test-26\/wp-json\/wp\/v2\/media?parent=2187"}],"curies":[{"name":"wp","href":"https:\/\/api.w.org\/{rel}","templated":true}]}}