{"id":1689,"date":"2023-11-25T09:42:54","date_gmt":"2023-11-25T08:42:54","guid":{"rendered":"https:\/\/test.kreative-s.de\/demo\/kreative-web-test-26\/?page_id=1689"},"modified":"2025-12-10T15:51:50","modified_gmt":"2025-12-10T14:51:50","slug":"professionelle-bilder-fuer-website","status":"publish","type":"page","link":"https:\/\/test.kreative-s.de\/demo\/kreative-web-test-26\/professionelle-bilder-fuer-website\/","title":{"rendered":"Professionelle Bilder f\u00fcr Website &#038; Shop \u2013 Fotos mit Wirkung"},"content":{"rendered":"<p><div class=\"fusion-fullwidth fullwidth-box fusion-builder-row-1 fusion-flex-container has-pattern-background has-mask-background nonhundred-percent-fullwidth non-hundred-percent-height-scrolling\" style=\"--awb-border-radius-top-left:0px;--awb-border-radius-top-right:0px;--awb-border-radius-bottom-right:0px;--awb-border-radius-bottom-left:0px;--awb-padding-top:5vw;--awb-padding-bottom:5vw;--awb-background-color:var(--awb-color4);--awb-flex-wrap:wrap;\" ><div class=\"fusion-builder-row fusion-row fusion-flex-align-items-flex-start fusion-flex-content-wrap\" style=\"max-width:1248px;margin-left: calc(-4% \/ 2 );margin-right: calc(-4% \/ 2 );\"><div class=\"fusion-layout-column fusion_builder_column fusion-builder-column-0 fusion_builder_column_2_3 2_3 fusion-flex-column\" style=\"--awb-bg-size:cover;--awb-width-large:66.666666666667%;--awb-spacing-right-large:2.88%;--awb-margin-bottom-large:30px;--awb-spacing-left-large:2.88%;--awb-width-medium:80%;--awb-order-medium:0;--awb-spacing-right-medium:2.4%;--awb-spacing-left-medium:2.4%;--awb-width-small:100%;--awb-order-small:0;--awb-spacing-right-small:1.92%;--awb-spacing-left-small:1.92%;\"><div class=\"fusion-column-wrapper fusion-column-has-shadow fusion-flex-justify-content-flex-start fusion-content-layout-column\"><div class=\"fusion-title title fusion-title-1 fusion-sep-none fusion-title-text fusion-title-size-one\" style=\"--awb-text-color:var(--awb-custom_color_1);--awb-margin-top-small:10px;--awb-margin-right-small:0px;--awb-margin-bottom-small:10px;--awb-margin-left-small:0px;--awb-font-size:18px;\"><h1 class=\"fusion-title-heading title-heading-left fusion-responsive-typography-calculated\" style=\"margin:0;text-transform:uppercase;font-size:1em;--fontSize:18;--minFontSize:18;line-height:1.3;\">Professionelle Bilder<\/h1><\/div><div class=\"fusion-title title fusion-title-2 fusion-sep-none fusion-title-text fusion-title-size-two\" style=\"--awb-text-color:var(--awb-color1);--awb-margin-bottom:40px;--awb-margin-top-small:10px;--awb-margin-right-small:0px;--awb-margin-bottom-small:10px;--awb-margin-left-small:0px;--awb-font-size:40px;\"><h2 class=\"fusion-title-heading title-heading-left fusion-responsive-typography-calculated\" style=\"margin:0;text-transform:none;font-size:1em;--fontSize:40;line-height:1.3;\"><span style=\"color: var(--awb-color5);\">Professionelle Bilder<\/span> f\u00fcr Website &amp; Shop \u2013 Fotos mit Wirkung<\/h2><\/div><div class=\"fusion-text fusion-text-1\" style=\"--awb-font-size:18px;--awb-text-color:var(--awb-color1);\"><p><b>Professionelle Bilder<\/b> f\u00fcr deine Website &amp; deinen Online-Shop: Tauche ein in die visuelle Welt unserer Fotografien \u2013 von der Industriefotografie \u00fcber Produkt- und Werbefotografie bis hin zu Businessportr\u00e4ts!<\/p>\n<\/div><div class=\"fusion-separator fusion-no-small-visibility fusion-full-width-sep\" style=\"align-self: center;margin-left: auto;margin-right: auto;margin-top:15px;width:100%;\"><\/div><div ><a class=\"fusion-button button-flat fusion-button-default-size button-custom fusion-button-default button-1 fusion-button-default-span fusion-button-default-type\" style=\"--button_accent_color:var(--awb-color1);--button_accent_hover_color:var(--awb-custom_color_1);--button_border_hover_color:var(--awb-custom_color_1);--button_gradient_top_color:rgba(53,102,141,0);--button_gradient_bottom_color:rgba(53,102,141,0);--button_gradient_top_color_hover:rgba(53,102,141,0);--button_gradient_bottom_color_hover:rgba(53,102,141,0);--button_font_size:16px;--button_padding-top:0px;--button_padding-right:0px;--button_padding-bottom:0px;--button_padding-left:0px;\" target=\"_self\" data-hover=\"bg_slide_left\" href=\"https:\/\/test.kreative-s.de\/demo\/kreative-web-test-26\/kontakt\/\"><span class=\"fusion-button-text awb-button__text awb-button__text--default\">Unverbindliche Erstberatung<\/span><i class=\"awb-factoryarrow-right awb-button__icon awb-button__icon--default button-icon-right\" aria-hidden=\"true\"><\/i><\/a><\/div><\/div><\/div><div class=\"fusion-layout-column fusion_builder_column fusion-builder-column-1 fusion_builder_column_1_3 1_3 fusion-flex-column fusion-flex-align-self-flex-start fusion-animated\" style=\"--awb-bg-size:cover;--awb-width-large:33.333333333333%;--awb-spacing-right-large:5.76%;--awb-margin-bottom-large:30px;--awb-spacing-left-large:5.76%;--awb-width-medium:33.333333333333%;--awb-order-medium:0;--awb-spacing-right-medium:5.76%;--awb-spacing-left-medium:5.76%;--awb-width-small:100%;--awb-order-small:0;--awb-spacing-right-small:1.92%;--awb-margin-bottom-small:60px;--awb-spacing-left-small:1.92%;\" data-animationType=\"fadeInDown\" data-animationDuration=\"1.0\" data-animationOffset=\"top-into-view\"><div class=\"fusion-column-wrapper fusion-column-has-shadow fusion-flex-justify-content-flex-start fusion-content-layout-column\"><div class=\"fusion-image-element \" style=\"--awb-caption-title-font-family:var(--h2_typography-font-family);--awb-caption-title-font-weight:var(--h2_typography-font-weight);--awb-caption-title-font-style:var(--h2_typography-font-style);--awb-caption-title-size:var(--h2_typography-font-size);--awb-caption-title-transform:var(--h2_typography-text-transform);--awb-caption-title-line-height:var(--h2_typography-line-height);--awb-caption-title-letter-spacing:var(--h2_typography-letter-spacing);\"><span class=\" fusion-imageframe imageframe-none imageframe-1 hover-type-none\" style=\"border-radius:4px;\"><img decoding=\"async\" width=\"800\" height=\"533\" alt=\"Professionelle Fotos f\u00fcr Website &amp; Shop \u2713 \u2013 \u00fcberzeugende Bildgestaltung f\u00fcr mehr Wirkung und Sichtbarkeit im Web.\" src=\"https:\/\/test.kreative-s.de\/demo\/kreative-web-test-26\/wp-content\/uploads\/2025\/03\/fotograf-v3.webp\" data-orig-src=\"https:\/\/test.kreative-s.de\/demo\/kreative-web-test-26\/wp-content\/uploads\/2025\/03\/fotograf-v3-800x533.webp\" class=\"lazyload img-responsive wp-image-5049\" srcset=\"data:image\/svg+xml,%3Csvg%20xmlns%3D%27http%3A%2F%2Fwww.w3.org%2F2000%2Fsvg%27%20width%3D%271200%27%20height%3D%27800%27%20viewBox%3D%270%200%201200%20800%27%3E%3Crect%20width%3D%271200%27%20height%3D%27800%27%20fill-opacity%3D%220%22%2F%3E%3C%2Fsvg%3E\" data-srcset=\"https:\/\/test.kreative-s.de\/demo\/kreative-web-test-26\/wp-content\/uploads\/2025\/03\/fotograf-v3-200x133.webp 200w, https:\/\/test.kreative-s.de\/demo\/kreative-web-test-26\/wp-content\/uploads\/2025\/03\/fotograf-v3-400x267.webp 400w, https:\/\/test.kreative-s.de\/demo\/kreative-web-test-26\/wp-content\/uploads\/2025\/03\/fotograf-v3-600x400.webp 600w, https:\/\/test.kreative-s.de\/demo\/kreative-web-test-26\/wp-content\/uploads\/2025\/03\/fotograf-v3-800x533.webp 800w, https:\/\/test.kreative-s.de\/demo\/kreative-web-test-26\/wp-content\/uploads\/2025\/03\/fotograf-v3.webp 1200w\" data-sizes=\"auto\" data-orig-sizes=\"(max-width: 800px) 100vw, 400px\" \/><\/span><\/div><\/div><\/div><\/div><\/div><div class=\"fusion-fullwidth fullwidth-box fusion-builder-row-2 fusion-flex-container has-pattern-background has-mask-background nonhundred-percent-fullwidth non-hundred-percent-height-scrolling\" style=\"--awb-border-radius-top-left:0px;--awb-border-radius-top-right:0px;--awb-border-radius-bottom-right:0px;--awb-border-radius-bottom-left:0px;--awb-padding-top:6vw;--awb-padding-bottom:6vw;--awb-flex-wrap:wrap;\" ><div class=\"fusion-builder-row fusion-row fusion-flex-align-items-flex-start fusion-flex-content-wrap\" style=\"max-width:1248px;margin-left: calc(-4% \/ 2 );margin-right: calc(-4% \/ 2 );\"><div class=\"fusion-layout-column fusion_builder_column fusion-builder-column-2 fusion_builder_column_1_2 1_2 fusion-flex-column\" style=\"--awb-bg-size:cover;--awb-width-large:50%;--awb-margin-top-large:30px;--awb-spacing-right-large:3.84%;--awb-margin-bottom-large:30px;--awb-spacing-left-large:3.84%;--awb-width-medium:50%;--awb-order-medium:0;--awb-spacing-right-medium:3.84%;--awb-spacing-left-medium:3.84%;--awb-width-small:100%;--awb-order-small:0;--awb-spacing-right-small:1.92%;--awb-spacing-left-small:1.92%;\"><div class=\"fusion-column-wrapper fusion-column-has-shadow fusion-flex-justify-content-flex-start fusion-content-layout-column\"><div class=\"awb-gallery-wrapper awb-gallery-wrapper-1 button-span-no\" style=\"--more-btn-alignment:center;\"><div style=\"margin:-10px;--awb-bordersize:0px;--awb-border-radius:4px;\" class=\"fusion-gallery fusion-gallery-container fusion-grid-2 fusion-columns-total-4 fusion-gallery-layout-grid fusion-gallery-1\"><div style=\"padding:10px;\" class=\"fusion-grid-column fusion-gallery-column fusion-gallery-column-2 hover-type-none\"><div class=\"fusion-gallery-image\"><a href=\"https:\/\/test.kreative-s.de\/demo\/kreative-web-test-26\/wp-content\/uploads\/2023\/11\/produktfotografie-werrbefotografie-3.webp\" rel=\"noreferrer\" data-rel=\"iLightbox[gallery_image_1]\" class=\"fusion-lightbox\" target=\"_self\"><img decoding=\"async\" src=\"https:\/\/test.kreative-s.de\/demo\/kreative-web-test-26\/wp-content\/uploads\/2023\/11\/produktfotografie-werrbefotografie-3-460x295.webp\" width=\"460\" height=\"295\" alt=\"Professionelle Bilder f\u00fcr Website &amp; Shop \u2013 Fotos mit Wirkung\" title=\"\" aria-label=\"\" class=\"img-responsive wp-image-2345 fusion-gallery-image-size-fixed\"  \/><\/a><\/div><\/div><div style=\"padding:10px;\" class=\"fusion-grid-column fusion-gallery-column fusion-gallery-column-2 hover-type-none\"><div class=\"fusion-gallery-image\"><a href=\"https:\/\/test.kreative-s.de\/demo\/kreative-web-test-26\/wp-content\/uploads\/2023\/11\/produktfotografie-werrbefotografie-4.webp\" rel=\"noreferrer\" data-rel=\"iLightbox[gallery_image_1]\" class=\"fusion-lightbox\" target=\"_self\"><img decoding=\"async\" src=\"https:\/\/test.kreative-s.de\/demo\/kreative-web-test-26\/wp-content\/uploads\/2023\/11\/produktfotografie-werrbefotografie-4-460x295.webp\" width=\"460\" height=\"295\" alt=\"Professionelle Bilder f\u00fcr Website &amp; Shop \u2013 Fotos mit Wirkung\" title=\"\" aria-label=\"\" class=\"img-responsive wp-image-2346 fusion-gallery-image-size-fixed\"  \/><\/a><\/div><\/div><div class=\"clearfix\"><\/div><div style=\"padding:10px;\" class=\"fusion-grid-column fusion-gallery-column fusion-gallery-column-2 hover-type-none\"><div class=\"fusion-gallery-image\"><a href=\"https:\/\/test.kreative-s.de\/demo\/kreative-web-test-26\/wp-content\/uploads\/2023\/11\/produktfotografie-werrbefotografie-5.webp\" rel=\"noreferrer\" data-rel=\"iLightbox[gallery_image_1]\" class=\"fusion-lightbox\" target=\"_self\"><img decoding=\"async\" src=\"https:\/\/test.kreative-s.de\/demo\/kreative-web-test-26\/wp-content\/uploads\/2023\/11\/produktfotografie-werrbefotografie-5-460x295.webp\" width=\"460\" height=\"295\" alt=\"Professionelle Bilder f\u00fcr Website &amp; Shop \u2013 Fotos mit Wirkung\" title=\"\" aria-label=\"\" class=\"img-responsive wp-image-2347 fusion-gallery-image-size-fixed\"  \/><\/a><\/div><\/div><div style=\"padding:10px;\" class=\"fusion-grid-column fusion-gallery-column fusion-gallery-column-2 hover-type-none\"><div class=\"fusion-gallery-image\"><a href=\"https:\/\/test.kreative-s.de\/demo\/kreative-web-test-26\/wp-content\/uploads\/2023\/11\/produktfotografie-werrbefotografie-6.webp\" rel=\"noreferrer\" data-rel=\"iLightbox[gallery_image_1]\" class=\"fusion-lightbox\" target=\"_self\"><img decoding=\"async\" src=\"https:\/\/test.kreative-s.de\/demo\/kreative-web-test-26\/wp-content\/uploads\/2023\/11\/produktfotografie-werrbefotografie-6-460x295.webp\" width=\"460\" height=\"295\" alt=\"Professionelle Bilder f\u00fcr Website &amp; Shop \u2013 Fotos mit Wirkung\" title=\"\" aria-label=\"\" class=\"img-responsive wp-image-2352 fusion-gallery-image-size-fixed\"  \/><\/a><\/div><\/div><div class=\"clearfix\"><\/div><\/div><\/div><\/div><\/div><div class=\"fusion-layout-column fusion_builder_column fusion-builder-column-3 fusion_builder_column_1_2 1_2 fusion-flex-column\" style=\"--awb-bg-size:cover;--awb-width-large:50%;--awb-spacing-right-large:3.84%;--awb-margin-bottom-large:0px;--awb-spacing-left-large:3.84%;--awb-width-medium:50%;--awb-order-medium:0;--awb-spacing-right-medium:3.84%;--awb-spacing-left-medium:3.84%;--awb-width-small:100%;--awb-order-small:0;--awb-spacing-right-small:1.92%;--awb-spacing-left-small:1.92%;\"><div class=\"fusion-column-wrapper fusion-column-has-shadow fusion-flex-justify-content-flex-start fusion-content-layout-column\"><div class=\"fusion-title title fusion-title-3 fusion-sep-none fusion-title-text fusion-title-size-three\" style=\"--awb-margin-top-small:10px;--awb-margin-right-small:0px;--awb-margin-bottom-small:10px;--awb-margin-left-small:0px;\"><h3 class=\"fusion-title-heading title-heading-left fusion-responsive-typography-calculated\" style=\"margin:0;--fontSize:22;--minFontSize:22;line-height:1.6;\">Produktfotografie &amp; Werbefotografie<\/h3><\/div><div class=\"fusion-text fusion-text-2\"><p>Mit einem kreativen Auge f\u00fcr Werbefotografie kreieren wir Bilder, die mehr als nur \u00e4sthetisch sind. Jede Aufnahme ist durchdacht platziert, um nicht nur Blicke zu fesseln, sondern auch Markenbegeisterung zu entfachen. Jedes Bild erz\u00e4hlt nicht nur von Ihrem Produkt oder Ihrer Dienstleistung, sondern auch von der Leidenschaft dahinter.<\/p>\n<p>Werbefotografie ist eine positive und attraktive fotografische Pr\u00e4sentation von Waren und G\u00fctern aller Art \u2013 insbesondere Produktfotografie f\u00fcr die Pr\u00e4sentation auf Webseiten und in Internetshops.<\/p>\n<\/div><\/div><\/div><\/div><\/div><div class=\"fusion-fullwidth fullwidth-box fusion-builder-row-3 fusion-flex-container has-pattern-background has-mask-background nonhundred-percent-fullwidth non-hundred-percent-height-scrolling\" style=\"--awb-border-radius-top-left:0px;--awb-border-radius-top-right:0px;--awb-border-radius-bottom-right:0px;--awb-border-radius-bottom-left:0px;--awb-padding-top:6vw;--awb-padding-bottom:6vw;--awb-background-color:var(--awb-custom_color_1);--awb-flex-wrap:wrap;\" ><div class=\"fusion-builder-row fusion-row fusion-flex-align-items-flex-start fusion-flex-content-wrap\" style=\"max-width:1248px;margin-left: calc(-4% \/ 2 );margin-right: calc(-4% \/ 2 );\"><div class=\"fusion-layout-column fusion_builder_column fusion-builder-column-4 fusion_builder_column_1_2 1_2 fusion-flex-column\" style=\"--awb-bg-size:cover;--awb-width-large:50%;--awb-margin-top-large:30px;--awb-spacing-right-large:3.84%;--awb-margin-bottom-large:30px;--awb-spacing-left-large:3.84%;--awb-width-medium:50%;--awb-order-medium:0;--awb-spacing-right-medium:3.84%;--awb-spacing-left-medium:3.84%;--awb-width-small:100%;--awb-order-small:0;--awb-spacing-right-small:1.92%;--awb-spacing-left-small:1.92%;\"><div class=\"fusion-column-wrapper fusion-column-has-shadow fusion-flex-justify-content-flex-start fusion-content-layout-column\"><div class=\"awb-gallery-wrapper awb-gallery-wrapper-2 button-span-no\" style=\"--more-btn-alignment:center;\"><div style=\"margin:-10px;--awb-bordersize:0px;--awb-border-radius:4px;\" class=\"fusion-gallery fusion-gallery-container fusion-grid-2 fusion-columns-total-2 fusion-gallery-layout-grid fusion-gallery-2\"><div style=\"padding:10px;\" class=\"fusion-grid-column fusion-gallery-column fusion-gallery-column-2 hover-type-none\"><div class=\"fusion-gallery-image\"><a href=\"https:\/\/test.kreative-s.de\/demo\/kreative-web-test-26\/wp-content\/uploads\/2023\/11\/industriefotografie-1.webp\" rel=\"noreferrer\" data-rel=\"iLightbox[gallery_image_2]\" class=\"fusion-lightbox\" target=\"_self\"><img decoding=\"async\" src=\"https:\/\/test.kreative-s.de\/demo\/kreative-web-test-26\/wp-content\/uploads\/2023\/11\/industriefotografie-1.webp\" data-orig-src=\"https:\/\/test.kreative-s.de\/demo\/kreative-web-test-26\/wp-content\/uploads\/2023\/11\/industriefotografie-1.webp\" width=\"1200\" height=\"800\" alt=\"Professionelle Bilder f\u00fcr Website &amp; Shop \u2013 Fotos mit Wirkung\" title=\"\" aria-label=\"\" class=\"lazyload img-responsive wp-image-2314\" srcset=\"data:image\/svg+xml,%3Csvg%20xmlns%3D%27http%3A%2F%2Fwww.w3.org%2F2000%2Fsvg%27%20width%3D%271200%27%20height%3D%27800%27%20viewBox%3D%270%200%201200%20800%27%3E%3Crect%20width%3D%271200%27%20height%3D%27800%27%20fill-opacity%3D%220%22%2F%3E%3C%2Fsvg%3E\" data-srcset=\"https:\/\/test.kreative-s.de\/demo\/kreative-web-test-26\/wp-content\/uploads\/2023\/11\/industriefotografie-1-200x133.webp 200w, https:\/\/test.kreative-s.de\/demo\/kreative-web-test-26\/wp-content\/uploads\/2023\/11\/industriefotografie-1-400x267.webp 400w, https:\/\/test.kreative-s.de\/demo\/kreative-web-test-26\/wp-content\/uploads\/2023\/11\/industriefotografie-1-600x400.webp 600w, https:\/\/test.kreative-s.de\/demo\/kreative-web-test-26\/wp-content\/uploads\/2023\/11\/industriefotografie-1-800x533.webp 800w, https:\/\/test.kreative-s.de\/demo\/kreative-web-test-26\/wp-content\/uploads\/2023\/11\/industriefotografie-1.webp 1200w\" data-sizes=\"auto\" data-orig-sizes=\"(min-width: 2200px) 100vw, (min-width: 712px) 595px, (min-width: 640px) 712px, \" \/><\/a><\/div><\/div><div style=\"padding:10px;\" class=\"fusion-grid-column fusion-gallery-column fusion-gallery-column-2 hover-type-none\"><div class=\"fusion-gallery-image\"><a href=\"https:\/\/test.kreative-s.de\/demo\/kreative-web-test-26\/wp-content\/uploads\/2023\/11\/industriefotografie-2.webp\" rel=\"noreferrer\" data-rel=\"iLightbox[gallery_image_2]\" class=\"fusion-lightbox\" target=\"_self\"><img decoding=\"async\" src=\"https:\/\/test.kreative-s.de\/demo\/kreative-web-test-26\/wp-content\/uploads\/2023\/11\/industriefotografie-2.webp\" data-orig-src=\"https:\/\/test.kreative-s.de\/demo\/kreative-web-test-26\/wp-content\/uploads\/2023\/11\/industriefotografie-2.webp\" width=\"1200\" height=\"800\" alt=\"Professionelle Bilder f\u00fcr Website &amp; Shop \u2013 Fotos mit Wirkung\" title=\"\" aria-label=\"\" class=\"lazyload img-responsive wp-image-2317\" srcset=\"data:image\/svg+xml,%3Csvg%20xmlns%3D%27http%3A%2F%2Fwww.w3.org%2F2000%2Fsvg%27%20width%3D%271200%27%20height%3D%27800%27%20viewBox%3D%270%200%201200%20800%27%3E%3Crect%20width%3D%271200%27%20height%3D%27800%27%20fill-opacity%3D%220%22%2F%3E%3C%2Fsvg%3E\" data-srcset=\"https:\/\/test.kreative-s.de\/demo\/kreative-web-test-26\/wp-content\/uploads\/2023\/11\/industriefotografie-2-200x133.webp 200w, https:\/\/test.kreative-s.de\/demo\/kreative-web-test-26\/wp-content\/uploads\/2023\/11\/industriefotografie-2-400x267.webp 400w, https:\/\/test.kreative-s.de\/demo\/kreative-web-test-26\/wp-content\/uploads\/2023\/11\/industriefotografie-2-600x400.webp 600w, https:\/\/test.kreative-s.de\/demo\/kreative-web-test-26\/wp-content\/uploads\/2023\/11\/industriefotografie-2-800x533.webp 800w, https:\/\/test.kreative-s.de\/demo\/kreative-web-test-26\/wp-content\/uploads\/2023\/11\/industriefotografie-2.webp 1200w\" data-sizes=\"auto\" data-orig-sizes=\"(min-width: 2200px) 100vw, (min-width: 712px) 595px, (min-width: 640px) 712px, \" \/><\/a><\/div><\/div><div class=\"clearfix\"><\/div><\/div><\/div><\/div><\/div><div class=\"fusion-layout-column fusion_builder_column fusion-builder-column-5 fusion_builder_column_1_2 1_2 fusion-flex-column\" style=\"--awb-bg-size:cover;--awb-width-large:50%;--awb-spacing-right-large:3.84%;--awb-margin-bottom-large:0px;--awb-spacing-left-large:3.84%;--awb-width-medium:50%;--awb-order-medium:0;--awb-spacing-right-medium:3.84%;--awb-spacing-left-medium:3.84%;--awb-width-small:100%;--awb-order-small:0;--awb-spacing-right-small:1.92%;--awb-spacing-left-small:1.92%;\"><div class=\"fusion-column-wrapper fusion-column-has-shadow fusion-flex-justify-content-flex-start fusion-content-layout-column\"><div class=\"fusion-title title fusion-title-4 fusion-sep-none fusion-title-text fusion-title-size-three\" style=\"--awb-margin-top-small:10px;--awb-margin-right-small:0px;--awb-margin-bottom-small:10px;--awb-margin-left-small:0px;\"><h3 class=\"fusion-title-heading title-heading-left fusion-responsive-typography-calculated\" style=\"margin:0;--fontSize:22;--minFontSize:22;line-height:1.6;\">Industriefotografie<\/h3><\/div><div class=\"fusion-text fusion-text-3\"><p>Industriefotografie zeigt Maschinen, Produktionsprozesse und industrielle Umgebungen in eindrucksvollen Bildern. Sie wird f\u00fcr Unternehmenskommunikation, Marketing und Employer Branding genutzt, um Technologie, Effizienz und Qualit\u00e4t visuell zu pr\u00e4sentieren. Professionelle Industriefotografie st\u00e4rkt die Markenpr\u00e4senz und schafft Vertrauen bei Kunden und Partnern.<\/p>\n<\/div><\/div><\/div><\/div><\/div><\/p>\n","protected":false},"excerpt":{"rendered":"","protected":false},"author":1,"featured_media":0,"parent":0,"menu_order":0,"comment_status":"closed","ping_status":"closed","template":"100-width.php","meta":{"_acf_changed":false,"footnotes":""},"class_list":["post-1689","page","type-page","status-publish","hentry"],"acf":[],"_links":{"self":[{"href":"https:\/\/test.kreative-s.de\/demo\/kreative-web-test-26\/wp-json\/wp\/v2\/pages\/1689","targetHints":{"allow":["GET"]}}],"collection":[{"href":"https:\/\/test.kreative-s.de\/demo\/kreative-web-test-26\/wp-json\/wp\/v2\/pages"}],"about":[{"href":"https:\/\/test.kreative-s.de\/demo\/kreative-web-test-26\/wp-json\/wp\/v2\/types\/page"}],"author":[{"embeddable":true,"href":"https:\/\/test.kreative-s.de\/demo\/kreative-web-test-26\/wp-json\/wp\/v2\/users\/1"}],"replies":[{"embeddable":true,"href":"https:\/\/test.kreative-s.de\/demo\/kreative-web-test-26\/wp-json\/wp\/v2\/comments?post=1689"}],"version-history":[{"count":0,"href":"https:\/\/test.kreative-s.de\/demo\/kreative-web-test-26\/wp-json\/wp\/v2\/pages\/1689\/revisions"}],"wp:attachment":[{"href":"https:\/\/test.kreative-s.de\/demo\/kreative-web-test-26\/wp-json\/wp\/v2\/media?parent=1689"}],"curies":[{"name":"wp","href":"https:\/\/api.w.org\/{rel}","templated":true}]}}